{"id":723,"date":"2019-12-22T16:54:00","date_gmt":"2019-12-22T15:54:00","guid":{"rendered":"http:\/\/browny2.bplaced.net\/wp2\/?page_id=723"},"modified":"2021-05-24T18:31:44","modified_gmt":"2021-05-24T16:31:44","slug":"verein","status":"publish","type":"page","link":"https:\/\/asv-petri-heil.de\/cms\/verein\/","title":{"rendered":"Verein"},"content":{"rendered":"\n<p><img loading=\"lazy\" decoding=\"async\" class=\"alignnone size-full wp-image-1631\" src=\"https:\/\/asv-petri-heil.de\/cms\/wp-content\/uploads\/2020\/12\/Angler-am-See.jpg\" alt=\"Angler an unserem See\" width=\"1350\" height=\"660\" srcset=\"https:\/\/asv-petri-heil.de\/cms\/wp-content\/uploads\/2020\/12\/Angler-am-See.jpg 1350w, https:\/\/asv-petri-heil.de\/cms\/wp-content\/uploads\/2020\/12\/Angler-am-See-300x147.jpg 300w, https:\/\/asv-petri-heil.de\/cms\/wp-content\/uploads\/2020\/12\/Angler-am-See-1024x501.jpg 1024w, https:\/\/asv-petri-heil.de\/cms\/wp-content\/uploads\/2020\/12\/Angler-am-See-768x375.jpg 768w\" sizes=\"auto, (max-width: 1350px) 100vw, 1350px\" \/><\/p>\n\n\n\n<p>Wir freuen uns Dich auf der Seite des Angelsportvereins Gro\u00dfostheim begr\u00fc\u00dfen zu d\u00fcrfen. Hier findest Du Informationen rund um unser Vereinsleben. Wir hoffen, dass diese Homepage einen positiven Eindruck in unser Vereinsleben gibt. Bei weiteren Fragen zu unserem Verein nimm gerne mit uns Kontakt auf.<br>Unser Vereinsheim und der Anglersee befindet sich am Wallst\u00e4dter Weg in 63762 Gro\u00dfostheim. Mit Google Maps und &#8220;<code><a href=\"https:\/\/www.google.de\/maps\/place\/Anglersee+ASV+Gro%C3%9Fostheim\/@49.9131175,9.0913669,17z\/data=!3m1!4b1!4m5!3m4!1s0x47bd47bf359438df:0x15efe0905386dfe1!8m2!3d49.9131175!4d9.0935556?hl=de\">Anglersee Gro\u00dfostheim<\/a><\/code>&#8221; findest Du unser Vereinsgel\u00e4nde noch leichter. Wir w\u00fcrden uns \u00fcber Deinen Besuch an unserem See freuen.<\/p>\n\n\n<h3>Angelsportverein Petri Heil, eine Institution&nbsp; in Gro\u00dfostheim<\/h3>\n<p>Wir geh\u00f6ren sicherlich nicht zu den ganz gro\u00dfen Vereinen in Gro\u00dfostheim, sind aber definitiv aufgrund der von uns veranstalteten Feste, Ferienspiele und \u00d6ffentlichkeitsarbeit eine Institution in Gro\u00dfostheim.<\/p>\n<p>Klicke auf unsere Kategorien und Du erh\u00e4ltst einen hoffentlich positiven Eindruck \u00fcber unseren Verein.<\/p>","protected":false},"excerpt":{"rendered":"<p>Wir freuen uns Dich auf der Seite des Angelsportvereins Gro\u00dfostheim begr\u00fc\u00dfen zu d\u00fcrfen. Hier findest Du Informationen rund um unser Vereinsleben. Wir hoffen, dass diese Homepage einen positiven Eindruck in [&hellip;]<\/p>\n","protected":false},"author":1,"featured_media":1087,"parent":0,"menu_order":20,"comment_status":"closed","ping_status":"closed","template":"template-full-width.php","meta":{"footnotes":""},"class_list":["post-723","page","type-page","status-publish","has-post-thumbnail","hentry"],"aioseo_notices":[],"_links":{"self":[{"href":"https:\/\/asv-petri-heil.de\/cms\/wp-json\/wp\/v2\/pages\/723","targetHints":{"allow":["GET"]}}],"collection":[{"href":"https:\/\/asv-petri-heil.de\/cms\/wp-json\/wp\/v2\/pages"}],"about":[{"href":"https:\/\/asv-petri-heil.de\/cms\/wp-json\/wp\/v2\/types\/page"}],"author":[{"embeddable":true,"href":"https:\/\/asv-petri-heil.de\/cms\/wp-json\/wp\/v2\/users\/1"}],"replies":[{"embeddable":true,"href":"https:\/\/asv-petri-heil.de\/cms\/wp-json\/wp\/v2\/comments?post=723"}],"version-history":[{"count":31,"href":"https:\/\/asv-petri-heil.de\/cms\/wp-json\/wp\/v2\/pages\/723\/revisions"}],"predecessor-version":[{"id":2072,"href":"https:\/\/asv-petri-heil.de\/cms\/wp-json\/wp\/v2\/pages\/723\/revisions\/2072"}],"wp:featuredmedia":[{"embeddable":true,"href":"https:\/\/asv-petri-heil.de\/cms\/wp-json\/wp\/v2\/media\/1087"}],"wp:attachment":[{"href":"https:\/\/asv-petri-heil.de\/cms\/wp-json\/wp\/v2\/media?parent=723"}],"curies":[{"name":"wp","href":"https:\/\/api.w.org\/{rel}","templated":true}]}}