{"id":753,"date":"2019-12-22T17:04:20","date_gmt":"2019-12-22T16:04:20","guid":{"rendered":"http:\/\/browny2.bplaced.net\/wp2\/?page_id=753"},"modified":"2026-01-02T08:57:54","modified_gmt":"2026-01-02T07:57:54","slug":"jugendgruppe","status":"publish","type":"page","link":"https:\/\/asv-petri-heil.de\/cms\/jugendgruppe\/","title":{"rendered":"Jugendgruppe"},"content":{"rendered":"\n<p><img loading=\"lazy\" decoding=\"async\" class=\"alignnone size-full wp-image-1515\" src=\"https:\/\/asv-petri-heil.de\/cms\/wp-content\/uploads\/2024\/03\/1194-01.png\" alt=\"Jugendarbeit. Freizeitbesch\u00e4ftigung\" width=\"1350\" height=\"660\" \/><\/p>\n\n\n\n<p><strong>Angeln f\u00fcr Jugendliche: Spannung, Abenteuer und Entspannung in der Natur<\/strong><\/p>\n\n\n\n<p><strong>Bist du bereit f\u00fcr ein neues Hobby, das dich an die frische Luft bringt, deine Geduld und Konzentration auf die Probe stellt und dir gleichzeitig die M\u00f6glichkeit bietet, neue Freunde zu finden und die Natur zu erleben? Dann ist Angeln im ASV Gro\u00dfostheim genau das Richtige f\u00fcr dich!<\/strong><\/p>\n\n\n\n<p><\/p>\n\n\n\n<p><strong>Entdecke die Faszination Angeln:<\/strong><\/p>\n\n\n\n<ul class=\"wp-block-list\">\n<li><strong>Spannung und Action:<\/strong> Der Biss eines Fisches ist ein unvergleichliches Erlebnis, das Adrenalin und Gl\u00fccksgef\u00fchle pur freisetzt.<\/li>\n\n\n\n<li><strong>Abenteuer und Entspannung:<\/strong> An unserem ruhigen See, am Main oder an der M\u00f6mling zu sitzen, die Natur zu beobachten und auf den Fang zu warten, kann gleichzeitig entspannend und spannend sein.<\/li>\n\n\n\n<li><strong>Natur erleben:<\/strong> Beim Angeln lernst du die heimische Tier- und Pflanzenwelt kennen und sch\u00e4tzen.<\/li>\n\n\n\n<li><strong>Geduld und Konzentration:<\/strong> Angeln erfordert Geduld und Konzentration \u2013 Eigenschaften, die in der heutigen schnelllebigen Zeit immer wichtiger werden.<\/li>\n\n\n\n<li><strong>Gemeinschaft erleben:<\/strong> Im ASV Gro\u00dfostheim triffst du Gleichaltrige mit den gleichen Interessen. Hier kannst du neue Freundschaften schlie\u00dfen und gemeinsam dein Hobby aus\u00fcben.<\/li>\n<\/ul>\n\n\n\n<p><\/p>\n\n\n\n<p><strong>Angeln ist mehr als nur ein Hobby:<\/strong><\/p>\n\n\n\n<ul class=\"wp-block-list\">\n<li><strong>Lernen und Wissen:<\/strong> Beim Angeln lernst du viel \u00fcber Fische, ihre Lebensweise und die richtige Angeltechnik.<\/li>\n\n\n\n<li><strong>Nachhaltigkeit und Verantwortung:<\/strong> Angler setzen sich f\u00fcr den Erhalt der Gew\u00e4sser und Fischbest\u00e4nde ein. Naturschutz ist uns sehr wichtig, auch oberhalb des Wasserspiegels.<\/li>\n\n\n\n<li><strong>Entspannung und Entschleunigung:<\/strong> Angeln ist eine tolle M\u00f6glichkeit, dem Alltagsstress zu entfliehen und die Seele baumeln zu lassen.<\/li>\n<\/ul>\n\n\n\n<p><\/p>\n\n\n\n<p><strong>So einfach startest du ins Angelabenteuer:<\/strong><\/p>\n\n\n\n<ul class=\"wp-block-list\">\n<li><strong>Mitglied ASV Gro\u00dfostheim werden:<\/strong> In unserem Angelverein lernst du alles Wichtige \u00fcber das Angeln und triffst Gleichaltrige.<\/li>\n\n\n\n<li><strong>Jugendfischereischeine <\/strong>sind nach der &#8220;Entschlackung&#8221; des Fischereigesetzes ab 1.1.25 nicht mehr notwendig. Es ist jetzt auch schon m\u00f6glich, ab 7 Jahren einen eigenen Erlaubnisschein zu erwerben, um unter Aufsicht eines vollj\u00e4hrigen Fischereischeininhabers mit einer eigenen Angelrute zu fischen.<\/li>\n\n\n\n<li><strong>Erste Ausr\u00fcstung besorgen:<\/strong> Rute, Rolle, K\u00f6der und Kescher \u2013 die Grundausr\u00fcstung f\u00fcr den Einstieg ins Angeln ist \u00fcbersichtlich und g\u00fcnstig. <em>Wir stellen au\u00dferdem f\u00fcr die Anfangszeit euch eine Leihausr\u00fcstung zur Verf\u00fcgung.<\/em><\/li>\n\n\n\n<li><strong>Los geht&#8217;s!<\/strong> An unserem vereinseigenen See kannst du dein Anglergl\u00fcck auf die Probe stellen.<\/li>\n<\/ul>\n\n\n\n<p><\/p>\n\n\n\n<p><strong>Entdecke die Faszination Angeln und erlebe unvergessliche Momente in der Natur!<\/strong><\/p>\n","protected":false},"excerpt":{"rendered":"<p>Angeln f\u00fcr Jugendliche: Spannung, Abenteuer und Entspannung in der Natur Bist du bereit f\u00fcr ein neues Hobby, das dich an die frische Luft bringt, deine Geduld und Konzentration auf die [&hellip;]<\/p>\n","protected":false},"author":2,"featured_media":1515,"parent":0,"menu_order":30,"comment_status":"closed","ping_status":"closed","template":"","meta":{"footnotes":""},"class_list":["post-753","page","type-page","status-publish","has-post-thumbnail","hentry"],"aioseo_notices":[],"_links":{"self":[{"href":"https:\/\/asv-petri-heil.de\/cms\/wp-json\/wp\/v2\/pages\/753","targetHints":{"allow":["GET"]}}],"collection":[{"href":"https:\/\/asv-petri-heil.de\/cms\/wp-json\/wp\/v2\/pages"}],"about":[{"href":"https:\/\/asv-petri-heil.de\/cms\/wp-json\/wp\/v2\/types\/page"}],"author":[{"embeddable":true,"href":"https:\/\/asv-petri-heil.de\/cms\/wp-json\/wp\/v2\/users\/2"}],"replies":[{"embeddable":true,"href":"https:\/\/asv-petri-heil.de\/cms\/wp-json\/wp\/v2\/comments?post=753"}],"version-history":[{"count":25,"href":"https:\/\/asv-petri-heil.de\/cms\/wp-json\/wp\/v2\/pages\/753\/revisions"}],"predecessor-version":[{"id":2726,"href":"https:\/\/asv-petri-heil.de\/cms\/wp-json\/wp\/v2\/pages\/753\/revisions\/2726"}],"wp:featuredmedia":[{"embeddable":true,"href":"https:\/\/asv-petri-heil.de\/cms\/wp-json\/wp\/v2\/media\/1515"}],"wp:attachment":[{"href":"https:\/\/asv-petri-heil.de\/cms\/wp-json\/wp\/v2\/media?parent=753"}],"curies":[{"name":"wp","href":"https:\/\/api.w.org\/{rel}","templated":true}]}}