{"id":805,"date":"2019-12-22T17:23:59","date_gmt":"2019-12-22T16:23:59","guid":{"rendered":"http:\/\/browny2.bplaced.net\/wp2\/?page_id=805"},"modified":"2026-01-01T18:21:57","modified_gmt":"2026-01-01T17:21:57","slug":"termine","status":"publish","type":"page","link":"https:\/\/asv-petri-heil.de\/cms\/termine\/","title":{"rendered":"N\u00e4chste Termine"},"content":{"rendered":"<h4><a href=\"https:\/\/asv-petri-heil.de\/cms\/events\/\">Hier<\/a> finden Sie die anstehenden n\u00e4chsten Termine. Besonders erw\u00e4hnenswert ist das &#8220;Fischessen am Karfreitag&#8221;, welches wir j\u00e4hrlich in der <a href=\"https:\/\/maps.app.goo.gl\/TPKbSfEfs2R6JgQC6\">Halle des SC Frankonia Grossostheim<\/a> veranstalten.<\/h4>\n<h4>Au\u00dferdem findet jeden Sonntag ab 10:00 Uhr eine gesellige Schafkopfrunde an unserem See statt.<\/h4>\n<h3>\u00a0<\/h3>\n\n\n<p><\/p>\n","protected":false},"excerpt":{"rendered":"<p>Hier finden Sie die anstehenden n\u00e4chsten Termine. Besonders erw\u00e4hnenswert ist das &#8220;Fischessen am Karfreitag&#8221;, welches wir j\u00e4hrlich in der Halle des SC Frankonia Grossostheim veranstalten. Au\u00dferdem findet jeden Sonntag ab [&hellip;]<\/p>\n","protected":false},"author":1,"featured_media":980,"parent":0,"menu_order":50,"comment_status":"closed","ping_status":"closed","template":"template-full-width.php","meta":{"footnotes":""},"class_list":["post-805","page","type-page","status-publish","has-post-thumbnail","hentry"],"aioseo_notices":[],"_links":{"self":[{"href":"https:\/\/asv-petri-heil.de\/cms\/wp-json\/wp\/v2\/pages\/805","targetHints":{"allow":["GET"]}}],"collection":[{"href":"https:\/\/asv-petri-heil.de\/cms\/wp-json\/wp\/v2\/pages"}],"about":[{"href":"https:\/\/asv-petri-heil.de\/cms\/wp-json\/wp\/v2\/types\/page"}],"author":[{"embeddable":true,"href":"https:\/\/asv-petri-heil.de\/cms\/wp-json\/wp\/v2\/users\/1"}],"replies":[{"embeddable":true,"href":"https:\/\/asv-petri-heil.de\/cms\/wp-json\/wp\/v2\/comments?post=805"}],"version-history":[{"count":37,"href":"https:\/\/asv-petri-heil.de\/cms\/wp-json\/wp\/v2\/pages\/805\/revisions"}],"predecessor-version":[{"id":2723,"href":"https:\/\/asv-petri-heil.de\/cms\/wp-json\/wp\/v2\/pages\/805\/revisions\/2723"}],"wp:featuredmedia":[{"embeddable":true,"href":"https:\/\/asv-petri-heil.de\/cms\/wp-json\/wp\/v2\/media\/980"}],"wp:attachment":[{"href":"https:\/\/asv-petri-heil.de\/cms\/wp-json\/wp\/v2\/media?parent=805"}],"curies":[{"name":"wp","href":"https:\/\/api.w.org\/{rel}","templated":true}]}}