{"id":807,"date":"2019-12-22T17:24:32","date_gmt":"2019-12-22T16:24:32","guid":{"rendered":"http:\/\/browny2.bplaced.net\/wp2\/?page_id=807"},"modified":"2020-12-13T11:11:33","modified_gmt":"2020-12-13T10:11:33","slug":"nuetzliche-links","status":"publish","type":"page","link":"https:\/\/asv-petri-heil.de\/cms\/nuetzliche-links\/","title":{"rendered":"N\u00fctzliche Links"},"content":{"rendered":"\n<p>\u00a0<\/p>\n<h2>Viel Spa\u00df beim Besuch der nachfolgenden Seiten<\/h2>\n<p>Diese enthalten viele interessante Informationen \u00fcber Organisationen und Gew\u00e4sser und wurden nach sorgf\u00e4ltiger Pr\u00fcfung ausgew\u00e4hlt, werden aber nicht st\u00e4ndig bez\u00fcglich \u00c4nderungen \u00fcberwacht. Wir \u00fcbernehmen deshalb keine Haftung f\u00fcr die Inhalte der nachfolgenden Links.<\/p>\n\n\n\n<figure class=\"wp-block-table\"><table><tbody><tr><td>Fischereiverband Unterfranken<\/td><td><a href=\"https:\/\/www.fischereiverband-unterfranken.de\/\" title=\"Fischereiverband Unterfranken\">https:\/\/www.fischereiverband-unterfranken.de\/<\/a><\/td><\/tr><tr><td>Fischerjugend Unterfranken<\/td><td><a href=\"https:\/\/www.fischerjugend-unterfranken.de\/\" title=\"https:\/\/www.fischerjugend-unterfranken.de\/\">https:\/\/www.fischerjugend-unterfranken.de\/<\/a><\/td><\/tr><tr><td>Landesfischereiverband Bayern<\/td><td><a href=\"https:\/\/lfvbayern.de\/\" title=\"Landesfischereiverband Bayern\">https:\/\/lfvbayern.de\/<\/a><\/td><\/tr><tr><td>Fischereifachberatung Bezirk Unterfranken<\/td><td><a href=\"https:\/\/www.bezirk-unterfranken.de\/unsere-leistungen\/fischerei\/41.Fischereifachberatung.html\" title=\"Fischereifachberatung Bezirk Unterfranken\">https:\/\/www.bezirk-unterfranken.de\/unsere-leistungen\/fischerei\/41.Fischereifachberatung.html<\/a><\/td><\/tr><tr><td>ASV M\u00f6mlingen<\/td><td><a href=\"http:\/\/www.asv-moemlingen.de\/\" title=\"ASV M\u00f6mlingen\">http:\/\/www.asv-moemlingen.de\/<\/a><\/td><\/tr><tr><td>ASV Kleinostheim<\/td><td><a href=\"http:\/\/www.waldsee-kleinostheim.de\/\" title=\"ASV Kleinostheim\">http:\/\/www.waldsee-kleinostheim.de\/<\/a><\/td><\/tr><tr><td>Kurse f\u00fcr die Fischerpr\u00fcfung<\/td><td><a href=\"https:\/\/fischerpruefung-online.bayern.de\/fprApp\/verwaltung\/Kurssuche?execution=e3s1\" title=\"Kursangebote f\u00fcr die fischerpr\u00fcfung\">https:\/\/fischerpruefung-online.bayern.de\/fprApp\/verwaltung\/Kurssuche?execution=e3s1<\/a><\/td><\/tr><tr><td>Infos zur Erteilung eines Fischereischeins<\/td><td><a href=\"https:\/\/www.grossostheim.de\/no_cache\/buerger\/behoerdenwegweiser\/leistungen.html?lsid=12276&amp;cHash=23e646af3022b9e5ad524803114fff8f\" title=\"Infos zur Erteilung eines Fischereischeins\">https:\/\/www.grossostheim.de\/no_cache\/buerger\/behoerdenwegweiser\/leistungen.html?lsid=12276&amp;cHash=23e646af3022b9e5ad524803114fff8f<\/a><\/td><\/tr><tr><td>Theorie der Fischerjugend f\u00fcr die Fischerpr\u00fcfung<\/td><td><a href=\"https:\/\/www.fischerjugend-lernt.de\/\" title=\"Theorie f\u00fcr die Fischerpr\u00fcfung\">https:\/\/www.fischerjugend-lernt.de\/<\/a><\/td><\/tr><tr><td>Wasserpflanzen<\/td><td><a href=\"https:\/\/www.botanik-bochum.de\/pflanzenbilder_wasserpflanzen.htm\" title=\"Wasserpflanzen von der Uni bochum\">https:\/\/www.botanik-bochum.de\/pflanzenbilder_wasserpflanzen.htm<\/a><\/td><\/tr><tr><td>Projekt Baggersee<\/td><td><a href=\"https:\/\/www.ifishman.de\/projekte\/baggersee\/uebersicht-baggersee\/\" title=\"Projekt Baggersee\">https:\/\/www.ifishman.de\/projekte\/baggersee\/uebersicht-baggersee\/<\/a><\/td><\/tr><tr><td>Gew\u00e4sserbiologie<\/td><td><a href=\"http:\/\/www.psteinmann.net\/bio_egli.html\" title=\"Gew\u00e4sserbiologie\">http:\/\/www.psteinmann.net\/bio_egli.html<\/a><\/td><\/tr><tr><td>FIZ Fischinfo<\/td><td><a href=\"https:\/\/www.fischinfo.de\/\" title=\"FIZ fischinfo\">https:\/\/www.fischinfo.de\/<\/a><\/td><\/tr><tr><td>Kreisjugendring Aschaffenburg<\/td><td><a href=\"https:\/\/www.kjr-aschaffenburg.de\/\" title=\"Kreisjugendring Aschaffenburg\">https:\/\/www.kjr-aschaffenburg.de\/<\/a><\/td><\/tr><tr><td><\/td><td><\/td><\/tr><\/tbody><\/table><\/figure>\n\n\n\n<p><\/p>\n","protected":false},"excerpt":{"rendered":"<p>\u00a0 Viel Spa\u00df beim Besuch der nachfolgenden Seiten Diese enthalten viele interessante Informationen \u00fcber Organisationen und Gew\u00e4sser und wurden nach sorgf\u00e4ltiger Pr\u00fcfung ausgew\u00e4hlt, werden aber nicht st\u00e4ndig bez\u00fcglich \u00c4nderungen \u00fcberwacht. [&hellip;]<\/p>\n","protected":false},"author":1,"featured_media":0,"parent":0,"menu_order":60,"comment_status":"closed","ping_status":"closed","template":"template-full-width.php","meta":{"footnotes":""},"class_list":["post-807","page","type-page","status-publish","hentry"],"aioseo_notices":[],"_links":{"self":[{"href":"https:\/\/asv-petri-heil.de\/cms\/wp-json\/wp\/v2\/pages\/807","targetHints":{"allow":["GET"]}}],"collection":[{"href":"https:\/\/asv-petri-heil.de\/cms\/wp-json\/wp\/v2\/pages"}],"about":[{"href":"https:\/\/asv-petri-heil.de\/cms\/wp-json\/wp\/v2\/types\/page"}],"author":[{"embeddable":true,"href":"https:\/\/asv-petri-heil.de\/cms\/wp-json\/wp\/v2\/users\/1"}],"replies":[{"embeddable":true,"href":"https:\/\/asv-petri-heil.de\/cms\/wp-json\/wp\/v2\/comments?post=807"}],"version-history":[{"count":13,"href":"https:\/\/asv-petri-heil.de\/cms\/wp-json\/wp\/v2\/pages\/807\/revisions"}],"predecessor-version":[{"id":1380,"href":"https:\/\/asv-petri-heil.de\/cms\/wp-json\/wp\/v2\/pages\/807\/revisions\/1380"}],"wp:attachment":[{"href":"https:\/\/asv-petri-heil.de\/cms\/wp-json\/wp\/v2\/media?parent=807"}],"curies":[{"name":"wp","href":"https:\/\/api.w.org\/{rel}","templated":true}]}}